{"id":16,"date":"2013-12-10T11:02:50","date_gmt":"2013-12-10T11:02:50","guid":{"rendered":"http:\/\/espaivincles.com\/?page_id=16"},"modified":"2023-01-18T15:48:52","modified_gmt":"2023-01-18T15:48:52","slug":"tarifes","status":"publish","type":"page","link":"https:\/\/espaivincles.com\/ca\/tarifes\/","title":{"rendered":"Tarifes"},"content":{"rendered":"[vc_row][vc_column width=&#8221;1\/3&#8243;][vc_single_image image=&#8221;1538&#8243; img_size=&#8221;400&#215;600&#8243;][\/vc_column][vc_column width=&#8221;2\/3&#8243;][vc_column_text]\r\n<div class=\"tarifes\">\r\n<h3>Ter\u00e0pia individual: 70\u20ac<\/h3>\r\n<h3><\/h3>\r\n<h3>Ter\u00e0pia de parella i familiar: 80\u20ac<\/h3>\r\n&nbsp;\r\n<h3>Ter\u00e0pia a domicili<\/h3>\r\nOferim ter\u00e0pia a domicili per a aquelles persones amb dificultats de movilitat (minusvalies, dificulats pel despla\u00e7ament, embarassos que requereixen rep\u00f2s o molt avan\u00e7ats, i postparts).\r\n\r\n&nbsp;\r\n<h3>Ter\u00e0pia online v\u00eda Skype<\/h3>\r\n<em>Oferim l&#8217;opci\u00f3 online pensant en les persones que per motius geogr\u00e0fics els \u00e9s impossible acudir al nostre centre. Sempre que sigui possible, \u00e9s m\u00e9s recomanable i efica\u00e7 un proc\u00e9s terap\u00e8utic amb sessions presencials.<\/em>\r\n\r\n<\/div>\r\n<address>\u00a0<\/address><address>\u00a0<\/address><address>\u00a0<\/address>[\/vc_column_text][\/vc_column][\/vc_row]","protected":false},"excerpt":{"rendered":"[vc_row][vc_column width=\"1\/3\"][vc_single_image image=\"1538\" img_size=\"400x600\"][\/vc_column][vc_column width=\"2\/3\"][vc_column_text] Ter\u00e0pia individual: 70\u20ac Ter\u00e0pia de parella i familiar: 80\u20ac &nbsp; Ter\u00e0pia a domicili Oferim ter\u00e0pia a domicili per a aquelles <p class=\"readmore\"><a class=\"more-btn\" href=\"https:\/\/espaivincles.com\/ca\/tarifes\/\">Continue reading <span class=\"meta-nav\">&#x2192;<\/span><\/a><\/p>","protected":false},"author":1,"featured_media":0,"parent":0,"menu_order":5,"comment_status":"closed","ping_status":"closed","template":"","meta":{"footnotes":""},"class_list":["post-16","page","type-page","status-publish","hentry"],"_links":{"self":[{"href":"https:\/\/espaivincles.com\/ca\/wp-json\/wp\/v2\/pages\/16","targetHints":{"allow":["GET"]}}],"collection":[{"href":"https:\/\/espaivincles.com\/ca\/wp-json\/wp\/v2\/pages"}],"about":[{"href":"https:\/\/espaivincles.com\/ca\/wp-json\/wp\/v2\/types\/page"}],"author":[{"embeddable":true,"href":"https:\/\/espaivincles.com\/ca\/wp-json\/wp\/v2\/users\/1"}],"replies":[{"embeddable":true,"href":"https:\/\/espaivincles.com\/ca\/wp-json\/wp\/v2\/comments?post=16"}],"version-history":[{"count":21,"href":"https:\/\/espaivincles.com\/ca\/wp-json\/wp\/v2\/pages\/16\/revisions"}],"predecessor-version":[{"id":1881,"href":"https:\/\/espaivincles.com\/ca\/wp-json\/wp\/v2\/pages\/16\/revisions\/1881"}],"wp:attachment":[{"href":"https:\/\/espaivincles.com\/ca\/wp-json\/wp\/v2\/media?parent=16"}],"curies":[{"name":"wp","href":"https:\/\/api.w.org\/{rel}","templated":true}]}}