{"id":1605,"date":"2014-03-04T12:23:58","date_gmt":"2014-03-04T12:23:58","guid":{"rendered":"http:\/\/espaivincles.com\/ca\/quienes-somos\/"},"modified":"2023-01-23T12:46:09","modified_gmt":"2023-01-23T12:46:09","slug":"qui-som","status":"publish","type":"page","link":"https:\/\/espaivincles.com\/ca\/qui-som\/","title":{"rendered":"Qui som"},"content":{"rendered":"[vc_row][vc_column][vc_column_text]\r\n<h1>Qui som<\/h1>\r\n<p style=\"text-align: justify;\">Espai Vincles sorgeix de l\u2019inter\u00e8s de crear un projecte propi on, a trav\u00e9s de la trobada de les nostres especialitats, neix un espai de treball psicoterap\u00e8utic orientat al <a href=\"http:\/\/espaivincles.com\/ca\/psicologia-i-psicoterapia\/\">benestar personal<\/a>, <a href=\"http:\/\/espaivincles.com\/ca\/psicologia-i-psicoterapia\/parella\/\">en parella<\/a>, familiar i al desenvolupament de l\u2019individu.<\/p>\r\n<p style=\"text-align: justify;\">Hem volgut crear un espai on poder treballar de la manera que ens agrada treballar: oferint un tracte proper i cuidat cap a les persones que atenem, fent \u00fas de l\u2019enfocament i les eines que m\u00e9s s\u2019ajusten a cada individu i tenint en compte tant el m\u00f3n intern com el context extern de la persona.<\/p>\r\n<p style=\"text-align: justify;\">Partim de la base que la formaci\u00f3 continuada de l\u2019equip \u00e9s el qu\u00e8 garanteix la qualitat de l\u2019atenci\u00f3 psicoterap\u00e8utica. Donat que entenem la persona d\u2019una manera integral, tenint en compte totes les seves esferes, ens agrada col\u00b7laborar amb altres especialistes tant de l\u2019\u00e0mbit de la psicoter\u00e0pia com del benestar corporal.<\/p>\r\n<p style=\"text-align: justify;\">A continuaci\u00f3 podr\u00e0s con\u00e8ixer una mica m\u00e9s sobre nosaltres.<\/p>\r\n\r\n<h2><\/h2>\r\n[\/vc_column_text][\/vc_column][\/vc_row][vc_row nexus_after_row_show=&#8221;&#8221; nexus_id=&#8221;beatriz-rubio&#8221;][vc_column css=&#8221;.vc_custom_1462784814947{margin-top: -100px !important;padding-top: 100px !important;}&#8221;][vc_empty_space][vc_column_text]\r\n<h2>Beatriz Rubio<\/h2>\r\n<h4>&#8211; Directora d&#8217;Espai Vincles &#8211;<\/h4>\r\n<strong>Intervenci\u00f3 Psicoterap\u00e8utica en Adults, Adolescents i Nens<\/strong>\r\n\r\n<strong>Ter\u00e0pia Familiar i assessorament en Crian\u00e7a<\/strong>\r\n\r\nLlicenciada en Psicologia per la Universitat Aut\u00f2noma de Barcelona\r\n\r\nM\u00e0ster en Psicologia Cl\u00ednica i Medicina Conductual (espacialitzaci\u00f3 en adults i infanto-juvenil), Universitat Aut\u00f2noma de Barcelona\r\n\r\nFormaci\u00f3 en Ter\u00e0pia Gestalt, Espail\u00fadic &#8211; Escola Gestalt de Catalunya\r\n\r\nFormaci\u00f3 en Ter\u00e0pia Gestalt Infantil, Espail\u00fadic &#8211; Escola Gestalt de Catalunya\r\n\r\nFormaci\u00f3 en Intervenci\u00f3 en Psicologia Perinatal i Psicopatologia de l&#8217;embar\u00e0s i el postpart amb Ibonne Olza, Terra Mater\r\n\r\nEneagrama de la Personalitat, amb Victoria Cadarso\r\n\r\nFormaci\u00f3 en Psicoter\u00e0pia Integrativa, Programa SAT de Claudio Naranjo[\/vc_column_text][\/vc_column][\/vc_row][vc_row nexus_after_row_show=&#8221;&#8221;][vc_column][\/vc_column][\/vc_row][vc_row][vc_column][vc_column_text]\r\n<h2><\/h2>\r\n<h2><\/h2>\r\n<h3><\/h3>\r\n<h2>Ibai Arregui<\/h2>\r\n<ul>\r\n\t<li><strong>Intervenci\u00f3 Psicoterap\u00e8utica amb Adults i Adolescents<\/strong><\/li>\r\n\t<li><strong>Intervenci\u00f3 Neuropsicol\u00f2gica<\/strong><\/li>\r\n\t<li><strong>Intervenci\u00f3 en Ter\u00e0pia de Parella<\/strong><\/li>\r\n<\/ul>\r\nLicenciat en Psicologia per la Universidat de Deusto\r\n\r\nMaster en Neuropsicologia Cl\u00ednica Infantil y d&#8217;Adults, Universitat Aut\u00f2noma de Barcelona\r\n\r\nPostgrau en Coaching Integratiu, Institut Integratiu\r\n\r\nFormaci\u00f3 en Terapia Gestalt, Espai L\u00fadic \u2013 Escola Gestalt de Catalunya\r\n\r\nPsic\u00f2leg i Neuropsic\u00f2leg Cl\u00ednic a l&#8217;Hospital General de Catalunya\r\n\r\n&nbsp;\r\n<h2>Sara Ortiz<\/h2>\r\n<ul>\r\n\t<li><strong>Intervenci\u00f3 psicoterap\u00e8utica en adults<\/strong><\/li>\r\n\t<li><strong>Intervenci\u00f3 psicoterap\u00e8utica en\u00a0<\/strong><b>adolescente<\/b><\/li>\r\n<\/ul>\r\nGrau en Psicologia, menci\u00f3 en Salut, per la Universidat Aut\u00f2noma de Barcelona\r\n\r\nMaster en Psicoter\u00e0pia Integradora Humanista, Institut Erich Fromm\r\n\r\nFormaci\u00f3 en MBSR (Mindfulness Based Stress Reduction), per Centre Wu Wei\r\n\r\nFormaci\u00f3 en Intelig\u00e8ncia Emocional per Psic\u00f2legs, por el Col.legi Oficial de Psicologia de Catalunya\r\n\r\nExperi\u00e8ncia en dinamizaci\u00f3 de l&#8217;Espai Jove i entrenadora de\u00a0Gimn\u00e1stica\u00a0R\u00edtmica[\/vc_column_text][vc_empty_space][vc_column_text]\r\n<h2>El centro<\/h2>\r\n[\/vc_column_text][vc_gallery type=&#8221;image_grid&#8221; images=&#8221;1550,1551,1552&#8243; img_size=&#8221;350&#215;200&#8243; el_class=&#8221;image-gallery-qui-som&#8221;][\/vc_column][\/vc_row]","protected":false},"excerpt":{"rendered":"[vc_row][vc_column][vc_column_text] Qui som Espai Vincles sorgeix de l\u2019inter\u00e8s de crear un projecte propi on, a trav\u00e9s de la trobada de les nostres especialitats, neix un <p class=\"readmore\"><a class=\"more-btn\" href=\"https:\/\/espaivincles.com\/ca\/qui-som\/\">Continue reading <span class=\"meta-nav\">&#x2192;<\/span><\/a><\/p>","protected":false},"author":1,"featured_media":1533,"parent":0,"menu_order":2,"comment_status":"closed","ping_status":"closed","template":"","meta":{"footnotes":""},"class_list":["post-1605","page","type-page","status-publish","has-post-thumbnail","hentry"],"_links":{"self":[{"href":"https:\/\/espaivincles.com\/ca\/wp-json\/wp\/v2\/pages\/1605","targetHints":{"allow":["GET"]}}],"collection":[{"href":"https:\/\/espaivincles.com\/ca\/wp-json\/wp\/v2\/pages"}],"about":[{"href":"https:\/\/espaivincles.com\/ca\/wp-json\/wp\/v2\/types\/page"}],"author":[{"embeddable":true,"href":"https:\/\/espaivincles.com\/ca\/wp-json\/wp\/v2\/users\/1"}],"replies":[{"embeddable":true,"href":"https:\/\/espaivincles.com\/ca\/wp-json\/wp\/v2\/comments?post=1605"}],"version-history":[{"count":22,"href":"https:\/\/espaivincles.com\/ca\/wp-json\/wp\/v2\/pages\/1605\/revisions"}],"predecessor-version":[{"id":1895,"href":"https:\/\/espaivincles.com\/ca\/wp-json\/wp\/v2\/pages\/1605\/revisions\/1895"}],"wp:featuredmedia":[{"embeddable":true,"href":"https:\/\/espaivincles.com\/ca\/wp-json\/wp\/v2\/media\/1533"}],"wp:attachment":[{"href":"https:\/\/espaivincles.com\/ca\/wp-json\/wp\/v2\/media?parent=1605"}],"curies":[{"name":"wp","href":"https:\/\/api.w.org\/{rel}","templated":true}]}}