{"id":1618,"date":"2016-05-10T07:20:47","date_gmt":"2016-05-10T07:20:47","guid":{"rendered":"http:\/\/espaivincles.com\/ca\/psicologia-i-psicoterapia\/adolescencia\/"},"modified":"2016-05-30T15:40:11","modified_gmt":"2016-05-30T15:40:11","slug":"adolescencia","status":"publish","type":"page","link":"https:\/\/espaivincles.com\/ca\/psicologia-i-psicoterapia\/adolescencia\/","title":{"rendered":"Adolesc\u00e8ncia"},"content":{"rendered":"[vc_row][vc_column][vc_single_image image=&#8221;1542&#8243; img_size=&#8221;full&#8221;][\/vc_column][\/vc_row][vc_row nexus_after_row_show=&#8221;&#8221;][vc_column width=&#8221;2\/3&#8243;][vc_column_text]\r\n<h2>PSICOLOGIA DE L\u2019ADOLESC\u00c8NCIA<\/h2>\r\nLa Psicologia i Psicoter\u00e0pia d&#8217;adolescents est\u00e0 orientada a reconduir situacions de malestar o de conflicte que el o la jove no aconsegueix resoldre. Alhora ofereix suport a les fam\u00edlies per comprendre i col\u00b7laborar en el proc\u00e9s de superaci\u00f3 de les dificultats que viuen els seus fills. A Espai Vincles us oferim un espai on rec\u00f3rrer amb les vostres preocupacions relacionades amb els vostres fills i el mateix nucli familiar.\r\n\r\nLa intervenci\u00f3 es realitzar\u00e0 sempre des d&#8217;una perspectiva positiva i refor\u00e7adora, potenciant la motivaci\u00f3 i les fortaleses personals de cada individu, i posant especial atenci\u00f3 a l&#8217;\u00e0rea emocional. Treballarem amb t\u00e8cniques tant verbals com creatives, amenes i pensades especialment per proporcionar-los les eines necess\u00e0ries per fer front a aquestes dificultats. Abordarem els conflictes de manera integral, tenint en compte els diferents entorns del\/la jove (fam\u00edlia, col\u00b7legi i d&#8217;altres si n&#8217;hi hagu\u00e9s) incloent-los en el proc\u00e9s terap\u00e8utic si fos necessari.\r\n\r\nAlgunes situacions en qu\u00e8 et recomanem un acompanyament psicol\u00f2gic s\u00f3n:\r\n<ul>\r\n\t<li>Malestar emocional<\/li>\r\n\t<li>Nerviosisme<\/li>\r\n\t<li>Aparici\u00f3 de pors i angoixa<\/li>\r\n\t<li>Introversi\u00f3 i timidesa<\/li>\r\n\t<li>Baixa autoestima<\/li>\r\n\t<li>Trastorns de l&#8217;alimentaci\u00f3<\/li>\r\n\t<li>Dificultats amb les normes i l\u00edmits<\/li>\r\n\t<li>Rivalitat i gelosia entre germans<\/li>\r\n\t<li>Processos de dol i p\u00e8rdua: mort d&#8217;una persona estimada, divorci dels pares i reorganitzaci\u00f3 familiar, etc.<\/li>\r\n\t<li>Dificultats escolars: rendiment, concentraci\u00f3, comportament disruptiu<\/li>\r\n\t<li>Dificultats en les relacions socials: dificultats en la relaci\u00f3 amb companys, agressivitat, conflictivitat, a\u00efllament, etc.<\/li>\r\n<\/ul>\r\n[\/vc_column_text][\/vc_column][vc_column width=&#8221;1\/3&#8243; css=&#8221;.vc_custom_1463647724729{background-color: rgba(184,216,216,0.09) !important;*background-color: rgb(184,216,216) !important;}&#8221;][vc_column_text]\r\n<h3 style=\"text-align: center;\">Consulta&#8217;ns el teu dubte! T&#8217;assessorem gratu\u00eftament<\/h3>\r\n[\/vc_column_text]\n<div class=\"wpcf7 no-js\" id=\"wpcf7-f199-o1\" lang=\"\" dir=\"ltr\">\n<div class=\"screen-reader-response\"><p role=\"status\" aria-live=\"polite\" aria-atomic=\"true\"><\/p> <ul><\/ul><\/div>\n<form action=\"\/ca\/wp-json\/wp\/v2\/pages\/1618#wpcf7-f199-o1\" method=\"post\" class=\"wpcf7-form init\" aria-label=\"Formulari de contacte\" novalidate=\"novalidate\" data-status=\"init\">\n<div style=\"display: none;\">\n<input type=\"hidden\" name=\"_wpcf7\" value=\"199\" \/>\n<input type=\"hidden\" name=\"_wpcf7_version\" value=\"5.9.5\" \/>\n<input type=\"hidden\" name=\"_wpcf7_locale\" value=\"\" \/>\n<input type=\"hidden\" name=\"_wpcf7_unit_tag\" value=\"wpcf7-f199-o1\" \/>\n<input type=\"hidden\" name=\"_wpcf7_container_post\" value=\"0\" \/>\n<input type=\"hidden\" name=\"_wpcf7_posted_data_hash\" value=\"\" \/>\n<\/div>\n<p><strong>Nom *<\/strong>\n<\/p>\n<p><span class=\"wpcf7-form-control-wrap\" data-name=\"your-name\"><input size=\"40\" class=\"wpcf7-form-control wpcf7-text wpcf7-validates-as-required\" aria-required=\"true\" aria-invalid=\"false\" value=\"\" type=\"text\" name=\"your-name\" \/><\/span>\n<\/p>\n<p><strong>Tel\u00e8fon<\/strong>\n<\/p>\n<p><span class=\"wpcf7-form-control-wrap\" data-name=\"tel-599\"><input size=\"40\" class=\"wpcf7-form-control wpcf7-tel wpcf7-text wpcf7-validates-as-tel\" aria-invalid=\"false\" value=\"\" type=\"tel\" name=\"tel-599\" \/><\/span>\n<\/p>\n<p\/>\n<\/p>\n<p><strong>Email *<\/strong>\n<\/p>\n<p><span class=\"wpcf7-form-control-wrap\" data-name=\"your-email\"><input size=\"40\" class=\"wpcf7-form-control wpcf7-email wpcf7-validates-as-required wpcf7-text wpcf7-validates-as-email\" aria-required=\"true\" aria-invalid=\"false\" value=\"\" type=\"email\" name=\"your-email\" \/><\/span>\n<\/p>\n<p><strong>Assumpte<\/strong>\n<\/p>\n<p><span class=\"wpcf7-form-control-wrap\" data-name=\"your-subject\"><input size=\"40\" class=\"wpcf7-form-control wpcf7-text\" aria-invalid=\"false\" value=\"\" type=\"text\" name=\"your-subject\" \/><\/span>\n<\/p>\n<p><strong>Missatge<\/strong>\n<\/p>\n<p><span class=\"wpcf7-form-control-wrap\" data-name=\"your-message\"><textarea cols=\"40\" rows=\"10\" class=\"wpcf7-form-control wpcf7-textarea\" aria-invalid=\"false\" name=\"your-message\"><\/textarea><\/span>\n<\/p>\n<p>[recaptcha]\n<\/p>\n<p><button class=\"wpcf7-form-control wpcf7-submit main icon-right\" type=\"submit\" >Enviar<i class=\"fa fa-chevron-circle-right\"><\/i><\/button>\n<\/p><div class=\"wpcf7-response-output\" aria-hidden=\"true\"><\/div>\n<\/form>\n<\/div>\n[vc_empty_space][\/vc_column][\/vc_row]","protected":false},"excerpt":{"rendered":"[vc_row][vc_column][vc_single_image image=\"1542\" img_size=\"full\"][\/vc_column][\/vc_row][vc_row nexus_after_row_show=\"\"][vc_column width=\"2\/3\"][vc_column_text] PSICOLOGIA DE L\u2019ADOLESC\u00c8NCIA La Psicologia i Psicoter\u00e0pia d'adolescents est\u00e0 orientada a reconduir situacions de malestar o de conflicte que el <p class=\"readmore\"><a class=\"more-btn\" href=\"https:\/\/espaivincles.com\/ca\/psicologia-i-psicoterapia\/adolescencia\/\">Continue reading <span class=\"meta-nav\">&#x2192;<\/span><\/a><\/p>","protected":false},"author":1,"featured_media":0,"parent":53,"menu_order":0,"comment_status":"closed","ping_status":"closed","template":"","meta":{"footnotes":""},"class_list":["post-1618","page","type-page","status-publish","hentry"],"_links":{"self":[{"href":"https:\/\/espaivincles.com\/ca\/wp-json\/wp\/v2\/pages\/1618","targetHints":{"allow":["GET"]}}],"collection":[{"href":"https:\/\/espaivincles.com\/ca\/wp-json\/wp\/v2\/pages"}],"about":[{"href":"https:\/\/espaivincles.com\/ca\/wp-json\/wp\/v2\/types\/page"}],"author":[{"embeddable":true,"href":"https:\/\/espaivincles.com\/ca\/wp-json\/wp\/v2\/users\/1"}],"replies":[{"embeddable":true,"href":"https:\/\/espaivincles.com\/ca\/wp-json\/wp\/v2\/comments?post=1618"}],"version-history":[{"count":2,"href":"https:\/\/espaivincles.com\/ca\/wp-json\/wp\/v2\/pages\/1618\/revisions"}],"predecessor-version":[{"id":1620,"href":"https:\/\/espaivincles.com\/ca\/wp-json\/wp\/v2\/pages\/1618\/revisions\/1620"}],"up":[{"embeddable":true,"href":"https:\/\/espaivincles.com\/ca\/wp-json\/wp\/v2\/pages\/53"}],"wp:attachment":[{"href":"https:\/\/espaivincles.com\/ca\/wp-json\/wp\/v2\/media?parent=1618"}],"curies":[{"name":"wp","href":"https:\/\/api.w.org\/{rel}","templated":true}]}}