{"id":1626,"date":"2016-05-10T07:22:30","date_gmt":"2016-05-10T07:22:30","guid":{"rendered":"http:\/\/espaivincles.com\/ca\/psicologia-i-psicoterapia\/adultos\/"},"modified":"2016-06-08T15:42:03","modified_gmt":"2016-06-08T15:42:03","slug":"adults","status":"publish","type":"page","link":"https:\/\/espaivincles.com\/ca\/psicologia-i-psicoterapia\/adults\/","title":{"rendered":"Adults"},"content":{"rendered":"[vc_row][vc_column][vc_single_image image=&#8221;1544&#8243; img_size=&#8221;full&#8221;][\/vc_column][\/vc_row][vc_row nexus_after_row_show=&#8221;&#8221;][vc_column width=&#8221;2\/3&#8243;][vc_column_text]\r\n<h2>PSICOLOGIA D&#8217;ADULTS<\/h2>\r\nLes sessions de Psicologia i Psicoter\u00e0pia s\u00f3n un lloc de trobada on treballarem per a profunditzar en les fonts de malestar de la teva vida. Ens centrarem en resoldre les dificultats actuals a trav\u00e9s de potenciar les teves fortaleses personals, per proporcionar-te aix\u00ed un espai de creixement personal.\r\n\r\nA Espai Vincles enfoquem el proc\u00e9s terap\u00e8utic des d\u2019una perspectiva integradora, ajustant el tipus d\u2019intervenci\u00f3 a les necessitats de cadasc\u00fa. Ens centrem a explorar, a trav\u00e9s de la introspecci\u00f3, el recorregut vital de la persona posant especial atenci\u00f3 en la pr\u00f2pia experi\u00e8ncia i a l\u2019esfera emocional que l\u2019acompanya. Per una altra banda, treballarem en la reformulaci\u00f3 dels pensaments i formes de funcionar que el dia d\u2019avui ja no ens s\u00f3n \u00faltils.\r\n\r\nEt podem oferir un acompanyament psicoterap\u00e8utic ens les seg\u00fcents situacions:\r\n<ul>\r\n\t<li>Malestar emocional<\/li>\r\n\t<li>Despressi\u00f3 o tristesa<\/li>\r\n\t<li>Ansietat o angoixa<\/li>\r\n\t<li>Estr\u00e8s<\/li>\r\n\t<li>F\u00f2bies i pors<\/li>\r\n\t<li>Addiccions<\/li>\r\n\t<li>Trastorns adaptatius<\/li>\r\n\t<li>Crisis vitals: Problemes laborals, ruptures de parella, moments vitals de confusi\u00f3 o indecisi\u00f3, etc.<\/li>\r\n\t<li>Dificultats socials i relacionals<\/li>\r\n\t<li>Trastorns psicosom\u00e0tics<\/li>\r\n\t<li>Trastorns alimentaris<\/li>\r\n\t<li>Acompanyament en el dol: mort d\u2019un ser estimat, p\u00e8rdues, separacions o divorcis<\/li>\r\n\t<li>Acompanyament psicol\u00f2gic en malaties fisi\u00f2logiques<\/li>\r\n<\/ul>\r\n[\/vc_column_text][\/vc_column][vc_column width=&#8221;1\/3&#8243; css=&#8221;.vc_custom_1463647724729{background-color: rgba(184,216,216,0.09) !important;*background-color: rgb(184,216,216) !important;}&#8221;][vc_column_text]\r\n<h3 style=\"text-align: center;\">Consulta&#8217;ns el teu dubte!<\/h3>\r\n<h3 style=\"text-align: center;\">T&#8217;assessorem gratu\u00eftament<\/h3>\r\n[\/vc_column_text]\n<div class=\"wpcf7 no-js\" id=\"wpcf7-f199-o1\" lang=\"\" dir=\"ltr\">\n<div class=\"screen-reader-response\"><p role=\"status\" aria-live=\"polite\" aria-atomic=\"true\"><\/p> <ul><\/ul><\/div>\n<form action=\"\/ca\/wp-json\/wp\/v2\/pages\/1626#wpcf7-f199-o1\" method=\"post\" class=\"wpcf7-form init\" aria-label=\"Formulari de contacte\" novalidate=\"novalidate\" data-status=\"init\">\n<div style=\"display: none;\">\n<input type=\"hidden\" name=\"_wpcf7\" value=\"199\" \/>\n<input type=\"hidden\" name=\"_wpcf7_version\" value=\"5.9.5\" \/>\n<input type=\"hidden\" name=\"_wpcf7_locale\" value=\"\" \/>\n<input type=\"hidden\" name=\"_wpcf7_unit_tag\" value=\"wpcf7-f199-o1\" \/>\n<input type=\"hidden\" name=\"_wpcf7_container_post\" value=\"0\" \/>\n<input type=\"hidden\" name=\"_wpcf7_posted_data_hash\" value=\"\" \/>\n<\/div>\n<p><strong>Nom *<\/strong>\n<\/p>\n<p><span class=\"wpcf7-form-control-wrap\" data-name=\"your-name\"><input size=\"40\" class=\"wpcf7-form-control wpcf7-text wpcf7-validates-as-required\" aria-required=\"true\" aria-invalid=\"false\" value=\"\" type=\"text\" name=\"your-name\" \/><\/span>\n<\/p>\n<p><strong>Tel\u00e8fon<\/strong>\n<\/p>\n<p><span class=\"wpcf7-form-control-wrap\" data-name=\"tel-599\"><input size=\"40\" class=\"wpcf7-form-control wpcf7-tel wpcf7-text wpcf7-validates-as-tel\" aria-invalid=\"false\" value=\"\" type=\"tel\" name=\"tel-599\" \/><\/span>\n<\/p>\n<p\/>\n<\/p>\n<p><strong>Email *<\/strong>\n<\/p>\n<p><span class=\"wpcf7-form-control-wrap\" data-name=\"your-email\"><input size=\"40\" class=\"wpcf7-form-control wpcf7-email wpcf7-validates-as-required wpcf7-text wpcf7-validates-as-email\" aria-required=\"true\" aria-invalid=\"false\" value=\"\" type=\"email\" name=\"your-email\" \/><\/span>\n<\/p>\n<p><strong>Assumpte<\/strong>\n<\/p>\n<p><span class=\"wpcf7-form-control-wrap\" data-name=\"your-subject\"><input size=\"40\" class=\"wpcf7-form-control wpcf7-text\" aria-invalid=\"false\" value=\"\" type=\"text\" name=\"your-subject\" \/><\/span>\n<\/p>\n<p><strong>Missatge<\/strong>\n<\/p>\n<p><span class=\"wpcf7-form-control-wrap\" data-name=\"your-message\"><textarea cols=\"40\" rows=\"10\" class=\"wpcf7-form-control wpcf7-textarea\" aria-invalid=\"false\" name=\"your-message\"><\/textarea><\/span>\n<\/p>\n<p>[recaptcha]\n<\/p>\n<p><button class=\"wpcf7-form-control wpcf7-submit main icon-right\" type=\"submit\" >Enviar<i class=\"fa fa-chevron-circle-right\"><\/i><\/button>\n<\/p><div class=\"wpcf7-response-output\" aria-hidden=\"true\"><\/div>\n<\/form>\n<\/div>\n[vc_empty_space][\/vc_column][\/vc_row]","protected":false},"excerpt":{"rendered":"[vc_row][vc_column][vc_single_image image=\"1544\" img_size=\"full\"][\/vc_column][\/vc_row][vc_row nexus_after_row_show=\"\"][vc_column width=\"2\/3\"][vc_column_text] PSICOLOGIA D'ADULTS Les sessions de Psicologia i Psicoter\u00e0pia s\u00f3n un lloc de trobada on treballarem per a profunditzar en les <p class=\"readmore\"><a class=\"more-btn\" href=\"https:\/\/espaivincles.com\/ca\/psicologia-i-psicoterapia\/adults\/\">Continue reading <span class=\"meta-nav\">&#x2192;<\/span><\/a><\/p>","protected":false},"author":1,"featured_media":0,"parent":53,"menu_order":0,"comment_status":"closed","ping_status":"closed","template":"","meta":{"footnotes":""},"class_list":["post-1626","page","type-page","status-publish","hentry"],"_links":{"self":[{"href":"https:\/\/espaivincles.com\/ca\/wp-json\/wp\/v2\/pages\/1626","targetHints":{"allow":["GET"]}}],"collection":[{"href":"https:\/\/espaivincles.com\/ca\/wp-json\/wp\/v2\/pages"}],"about":[{"href":"https:\/\/espaivincles.com\/ca\/wp-json\/wp\/v2\/types\/page"}],"author":[{"embeddable":true,"href":"https:\/\/espaivincles.com\/ca\/wp-json\/wp\/v2\/users\/1"}],"replies":[{"embeddable":true,"href":"https:\/\/espaivincles.com\/ca\/wp-json\/wp\/v2\/comments?post=1626"}],"version-history":[{"count":3,"href":"https:\/\/espaivincles.com\/ca\/wp-json\/wp\/v2\/pages\/1626\/revisions"}],"predecessor-version":[{"id":1680,"href":"https:\/\/espaivincles.com\/ca\/wp-json\/wp\/v2\/pages\/1626\/revisions\/1680"}],"up":[{"embeddable":true,"href":"https:\/\/espaivincles.com\/ca\/wp-json\/wp\/v2\/pages\/53"}],"wp:attachment":[{"href":"https:\/\/espaivincles.com\/ca\/wp-json\/wp\/v2\/media?parent=1626"}],"curies":[{"name":"wp","href":"https:\/\/api.w.org\/{rel}","templated":true}]}}