{"id":1636,"date":"2014-03-04T12:43:29","date_gmt":"2014-03-04T12:43:29","guid":{"rendered":"http:\/\/espaivincles.com\/ca\/psicologia-i-psicoterapia\/pareja\/"},"modified":"2016-05-30T15:58:43","modified_gmt":"2016-05-30T15:58:43","slug":"parella","status":"publish","type":"page","link":"https:\/\/espaivincles.com\/ca\/psicologia-i-psicoterapia\/parella\/","title":{"rendered":"Parella"},"content":{"rendered":"[vc_row][vc_column][vc_single_image image=&#8221;374&#8243; img_size=&#8221;full&#8221; alignment=&#8221;center&#8221;][\/vc_column][\/vc_row][vc_row nexus_after_row_show=&#8221;&#8221;][vc_column width=&#8221;2\/3&#8243;][vc_column_text]\r\n<h4>Qu\u00e8 \u00e9s la Ter\u00e0pia de Parella?<\/h4>\r\nLa Ter\u00e0pia de Parella ofereix un conjunt de t\u00e8cniques i estrat\u00e8gies psicoterap\u00e8utiques que ajuden a entendre i resoldre conflictes dins de la parella, creant un espai de di\u00e0leg i\u00a0comprensi\u00f3.\r\n\r\nSovint les parelles es formen a partir d\u2019un enamorament inicial, per\u00f2 aquest canvia i es reformula amb el pas del temps. Per mantenir una relaci\u00f3 saludable i plaent, entren en joc altres aspectes de vital import\u00e0ncia com ara la comunicaci\u00f3, el comprom\u00eds, la intimitat, el suport mutu i la resoluci\u00f3 dels conflictes.\r\n\r\nLa parella pot ser motiu de benestar i felicitat, per\u00f2 tamb\u00e9 pot esdevenir una font de malestar quan no es resolen\u00a0les problem\u00e0tiques que van apareixent al llarg del cam\u00ed. Un proc\u00e9s terap\u00e8utic podr\u00e0 ajudar a treballar aquests conflictes, per aconseguir trobar un benestar conjunt i individual.\r\n<h4>Quan plantejar-se acudir a Ter\u00e0pia de Parella?<\/h4>\r\n<ul>\r\n\t<li>Problemes de conviv\u00e8ncia<\/li>\r\n\t<li>Dificultats en la comunicaci\u00f3<\/li>\r\n\t<li>Depend\u00e8ncia emocional<\/li>\r\n\t<li>Separaci\u00f3 i divorci<\/li>\r\n\t<li>Monotonia<\/li>\r\n\t<li>Gelosia<\/li>\r\n\t<li>Infidelitat<\/li>\r\n\t<li>Crian\u00e7a dels fills<\/li>\r\n\t<li>Conflictes amb la fam\u00edlia pol\u00edtica<\/li>\r\n\t<li>Adaptaci\u00f3 a diferents moments del cicle vital<\/li>\r\n\t<li>Conflictes del passat no resolts i expectatives en la relaci\u00f3<\/li>\r\n<\/ul>\r\n&nbsp;\r\n\r\nLa psicoter\u00e0pia ens pot ajudar a ser m\u00e9s conscients\u00a0de la manera que tenim de relacionar-nos amb l\u2019altre. Les din\u00e0miques que s\u2019han pogut establir dins de la parella\u00a0poden influenciar la manera de com ens comuniquem, la forma amb la que constru\u00efm la intimitat, la sexualitat, etc.\r\n\r\nUn cop es pren consci\u00e8ncia del funcionament de la parella, es pot treballar amb els diferents aspectes que ens causen malestar, desenvolupant eines que podrem utilitzar en el dia a dia de la relaci\u00f3.[\/vc_column_text][\/vc_column][vc_column width=&#8221;1\/3&#8243; css=&#8221;.vc_custom_1463647724729{background-color: rgba(184,216,216,0.09) !important;*background-color: rgb(184,216,216) !important;}&#8221;][vc_column_text]\r\n<h3 style=\"text-align: center;\">Consulta&#8217;ns el teu dubte! T&#8217;assessorem gratu\u00eftament<\/h3>\r\n[\/vc_column_text]\n<div class=\"wpcf7 no-js\" id=\"wpcf7-f199-o1\" lang=\"\" dir=\"ltr\">\n<div class=\"screen-reader-response\"><p role=\"status\" aria-live=\"polite\" aria-atomic=\"true\"><\/p> <ul><\/ul><\/div>\n<form action=\"\/ca\/wp-json\/wp\/v2\/pages\/1636#wpcf7-f199-o1\" method=\"post\" class=\"wpcf7-form init\" aria-label=\"Formulari de contacte\" novalidate=\"novalidate\" data-status=\"init\">\n<div style=\"display: none;\">\n<input type=\"hidden\" name=\"_wpcf7\" value=\"199\" \/>\n<input type=\"hidden\" name=\"_wpcf7_version\" value=\"5.9.5\" \/>\n<input type=\"hidden\" name=\"_wpcf7_locale\" value=\"\" \/>\n<input type=\"hidden\" name=\"_wpcf7_unit_tag\" value=\"wpcf7-f199-o1\" \/>\n<input type=\"hidden\" name=\"_wpcf7_container_post\" value=\"0\" \/>\n<input type=\"hidden\" name=\"_wpcf7_posted_data_hash\" value=\"\" \/>\n<\/div>\n<p><strong>Nom *<\/strong>\n<\/p>\n<p><span class=\"wpcf7-form-control-wrap\" data-name=\"your-name\"><input size=\"40\" class=\"wpcf7-form-control wpcf7-text wpcf7-validates-as-required\" aria-required=\"true\" aria-invalid=\"false\" value=\"\" type=\"text\" name=\"your-name\" \/><\/span>\n<\/p>\n<p><strong>Tel\u00e8fon<\/strong>\n<\/p>\n<p><span class=\"wpcf7-form-control-wrap\" data-name=\"tel-599\"><input size=\"40\" class=\"wpcf7-form-control wpcf7-tel wpcf7-text wpcf7-validates-as-tel\" aria-invalid=\"false\" value=\"\" type=\"tel\" name=\"tel-599\" \/><\/span>\n<\/p>\n<p\/>\n<\/p>\n<p><strong>Email *<\/strong>\n<\/p>\n<p><span class=\"wpcf7-form-control-wrap\" data-name=\"your-email\"><input size=\"40\" class=\"wpcf7-form-control wpcf7-email wpcf7-validates-as-required wpcf7-text wpcf7-validates-as-email\" aria-required=\"true\" aria-invalid=\"false\" value=\"\" type=\"email\" name=\"your-email\" \/><\/span>\n<\/p>\n<p><strong>Assumpte<\/strong>\n<\/p>\n<p><span class=\"wpcf7-form-control-wrap\" data-name=\"your-subject\"><input size=\"40\" class=\"wpcf7-form-control wpcf7-text\" aria-invalid=\"false\" value=\"\" type=\"text\" name=\"your-subject\" \/><\/span>\n<\/p>\n<p><strong>Missatge<\/strong>\n<\/p>\n<p><span class=\"wpcf7-form-control-wrap\" data-name=\"your-message\"><textarea cols=\"40\" rows=\"10\" class=\"wpcf7-form-control wpcf7-textarea\" aria-invalid=\"false\" name=\"your-message\"><\/textarea><\/span>\n<\/p>\n<p>[recaptcha]\n<\/p>\n<p><button class=\"wpcf7-form-control wpcf7-submit main icon-right\" type=\"submit\" >Enviar<i class=\"fa fa-chevron-circle-right\"><\/i><\/button>\n<\/p><div class=\"wpcf7-response-output\" aria-hidden=\"true\"><\/div>\n<\/form>\n<\/div>\n[vc_empty_space][\/vc_column][\/vc_row]","protected":false},"excerpt":{"rendered":"[vc_row][vc_column][vc_single_image image=\"374\" img_size=\"full\" alignment=\"center\"][\/vc_column][\/vc_row][vc_row nexus_after_row_show=\"\"][vc_column width=\"2\/3\"][vc_column_text] Qu\u00e8 \u00e9s la Ter\u00e0pia de Parella? La Ter\u00e0pia de Parella ofereix un conjunt de t\u00e8cniques i estrat\u00e8gies psicoterap\u00e8utiques que <p class=\"readmore\"><a class=\"more-btn\" href=\"https:\/\/espaivincles.com\/ca\/psicologia-i-psicoterapia\/parella\/\">Continue reading <span class=\"meta-nav\">&#x2192;<\/span><\/a><\/p>","protected":false},"author":1,"featured_media":0,"parent":53,"menu_order":0,"comment_status":"closed","ping_status":"closed","template":"","meta":{"footnotes":""},"class_list":["post-1636","page","type-page","status-publish","hentry"],"_links":{"self":[{"href":"https:\/\/espaivincles.com\/ca\/wp-json\/wp\/v2\/pages\/1636","targetHints":{"allow":["GET"]}}],"collection":[{"href":"https:\/\/espaivincles.com\/ca\/wp-json\/wp\/v2\/pages"}],"about":[{"href":"https:\/\/espaivincles.com\/ca\/wp-json\/wp\/v2\/types\/page"}],"author":[{"embeddable":true,"href":"https:\/\/espaivincles.com\/ca\/wp-json\/wp\/v2\/users\/1"}],"replies":[{"embeddable":true,"href":"https:\/\/espaivincles.com\/ca\/wp-json\/wp\/v2\/comments?post=1636"}],"version-history":[{"count":1,"href":"https:\/\/espaivincles.com\/ca\/wp-json\/wp\/v2\/pages\/1636\/revisions"}],"predecessor-version":[{"id":1637,"href":"https:\/\/espaivincles.com\/ca\/wp-json\/wp\/v2\/pages\/1636\/revisions\/1637"}],"up":[{"embeddable":true,"href":"https:\/\/espaivincles.com\/ca\/wp-json\/wp\/v2\/pages\/53"}],"wp:attachment":[{"href":"https:\/\/espaivincles.com\/ca\/wp-json\/wp\/v2\/media?parent=1636"}],"curies":[{"name":"wp","href":"https:\/\/api.w.org\/{rel}","templated":true}]}}