{"id":1639,"date":"2014-03-04T12:47:36","date_gmt":"2014-03-04T12:47:36","guid":{"rendered":"http:\/\/espaivincles.com\/ca\/psicologia-i-psicoterapia\/sexologia\/"},"modified":"2016-05-30T16:00:24","modified_gmt":"2016-05-30T16:00:24","slug":"sexologia","status":"publish","type":"page","link":"https:\/\/espaivincles.com\/ca\/psicologia-i-psicoterapia\/sexologia\/","title":{"rendered":"Sexologia"},"content":{"rendered":"[vc_row][vc_column][vc_single_image image=&#8221;439&#8243; img_size=&#8221;full&#8221; alignment=&#8221;center&#8221;][\/vc_column][\/vc_row][vc_row nexus_after_row_show=&#8221;&#8221;][vc_column width=&#8221;2\/3&#8243;][vc_column_text]\r\n<h4>Qu\u00e8 \u00e9s la Ter\u00e0pia Sexual?<\/h4>\r\nLa Ter\u00e0pia Sexual consisteix en l\u2019assessorament i en el tractament de les problem\u00e0tiques sexuals tant a nivell individual com de la parella.\r\n\r\nAquesta esdev\u00e9\u00a0una eina de treball per fomentar estils de vida m\u00e9s saludables, i a la vegada ampliar els coneixements sobre la pr\u00f2pia sexualitat, podent crear aix\u00ed, una vida sexual amplia i plaent.\r\n<h4>Quan plantejar-se acudir a\u00a0Ter\u00e0pia\u00a0Sexual?<\/h4>\r\nEn el cas de les dones, les dificultats m\u00e9s habituals s\u00f3n:\r\n<ul>\r\n\t<li>Anorg\u00e0smia o dificultat per assolir l\u2019orgasme<\/li>\r\n\t<li>Falta de desig sexual<\/li>\r\n\t<li>Vaginisme<\/li>\r\n\t<li>Dolor durant el coit<\/li>\r\n\t<li>Problemes d\u2019excitaci\u00f3<\/li>\r\n<\/ul>\r\nEn el cas dels homes, les dificultats m\u00e9s habituals s\u00f3n:\r\n<ul>\r\n\t<li>Dificultats d\u2019erecci\u00f3 o disfunci\u00f3 er\u00e8ctil<\/li>\r\n\t<li>Ejaculaci\u00f3 preco\u00e7 o retardada<\/li>\r\n\t<li>Abs\u00e8ncia d\u2019orgasme i ejaculaci\u00f3<\/li>\r\n\t<li>Falta de desig<\/li>\r\n<\/ul>\r\nAquestes dificultats encara que es manifestin a nivell f\u00edsic, molt sovint estan vinculades a aspectes psico-emocionals com ara l\u2019ansietat,\u00a0els\u00a0conflictes personals, les problem\u00e0tiques de parella, etc.\r\n\r\nA trav\u00e9s de la Ter\u00e0pia Sexual pots rebre el suport emocional i adquirir eines amb les quals puguis aconseguir una millora de la teva vida sexual.[\/vc_column_text][\/vc_column][vc_column width=&#8221;1\/3&#8243; css=&#8221;.vc_custom_1463647724729{background-color: rgba(184,216,216,0.09) !important;*background-color: rgb(184,216,216) !important;}&#8221;][vc_column_text]\r\n<h3 style=\"text-align: center;\">Consulta&#8217;ns el teu dubte! T&#8217;assessorem gratu\u00eftament<\/h3>\r\n[\/vc_column_text]\n<div class=\"wpcf7 no-js\" id=\"wpcf7-f199-o1\" lang=\"\" dir=\"ltr\">\n<div class=\"screen-reader-response\"><p role=\"status\" aria-live=\"polite\" aria-atomic=\"true\"><\/p> <ul><\/ul><\/div>\n<form action=\"\/ca\/wp-json\/wp\/v2\/pages\/1639#wpcf7-f199-o1\" method=\"post\" class=\"wpcf7-form init\" aria-label=\"Formulari de contacte\" novalidate=\"novalidate\" data-status=\"init\">\n<div style=\"display: none;\">\n<input type=\"hidden\" name=\"_wpcf7\" value=\"199\" \/>\n<input type=\"hidden\" name=\"_wpcf7_version\" value=\"5.9.5\" \/>\n<input type=\"hidden\" name=\"_wpcf7_locale\" value=\"\" \/>\n<input type=\"hidden\" name=\"_wpcf7_unit_tag\" value=\"wpcf7-f199-o1\" \/>\n<input type=\"hidden\" name=\"_wpcf7_container_post\" value=\"0\" \/>\n<input type=\"hidden\" name=\"_wpcf7_posted_data_hash\" value=\"\" \/>\n<\/div>\n<p><strong>Nom *<\/strong>\n<\/p>\n<p><span class=\"wpcf7-form-control-wrap\" data-name=\"your-name\"><input size=\"40\" class=\"wpcf7-form-control wpcf7-text wpcf7-validates-as-required\" aria-required=\"true\" aria-invalid=\"false\" value=\"\" type=\"text\" name=\"your-name\" \/><\/span>\n<\/p>\n<p><strong>Tel\u00e8fon<\/strong>\n<\/p>\n<p><span class=\"wpcf7-form-control-wrap\" data-name=\"tel-599\"><input size=\"40\" class=\"wpcf7-form-control wpcf7-tel wpcf7-text wpcf7-validates-as-tel\" aria-invalid=\"false\" value=\"\" type=\"tel\" name=\"tel-599\" \/><\/span>\n<\/p>\n<p\/>\n<\/p>\n<p><strong>Email *<\/strong>\n<\/p>\n<p><span class=\"wpcf7-form-control-wrap\" data-name=\"your-email\"><input size=\"40\" class=\"wpcf7-form-control wpcf7-email wpcf7-validates-as-required wpcf7-text wpcf7-validates-as-email\" aria-required=\"true\" aria-invalid=\"false\" value=\"\" type=\"email\" name=\"your-email\" \/><\/span>\n<\/p>\n<p><strong>Assumpte<\/strong>\n<\/p>\n<p><span class=\"wpcf7-form-control-wrap\" data-name=\"your-subject\"><input size=\"40\" class=\"wpcf7-form-control wpcf7-text\" aria-invalid=\"false\" value=\"\" type=\"text\" name=\"your-subject\" \/><\/span>\n<\/p>\n<p><strong>Missatge<\/strong>\n<\/p>\n<p><span class=\"wpcf7-form-control-wrap\" data-name=\"your-message\"><textarea cols=\"40\" rows=\"10\" class=\"wpcf7-form-control wpcf7-textarea\" aria-invalid=\"false\" name=\"your-message\"><\/textarea><\/span>\n<\/p>\n<p>[recaptcha]\n<\/p>\n<p><button class=\"wpcf7-form-control wpcf7-submit main icon-right\" type=\"submit\" >Enviar<i class=\"fa fa-chevron-circle-right\"><\/i><\/button>\n<\/p><div class=\"wpcf7-response-output\" aria-hidden=\"true\"><\/div>\n<\/form>\n<\/div>\n[vc_empty_space][\/vc_column][\/vc_row]","protected":false},"excerpt":{"rendered":"[vc_row][vc_column][vc_single_image image=\"439\" img_size=\"full\" alignment=\"center\"][\/vc_column][\/vc_row][vc_row nexus_after_row_show=\"\"][vc_column width=\"2\/3\"][vc_column_text] Qu\u00e8 \u00e9s la Ter\u00e0pia Sexual? La Ter\u00e0pia Sexual consisteix en l\u2019assessorament i en el tractament de les problem\u00e0tiques sexuals <p class=\"readmore\"><a class=\"more-btn\" href=\"https:\/\/espaivincles.com\/ca\/psicologia-i-psicoterapia\/sexologia\/\">Continue reading <span class=\"meta-nav\">&#x2192;<\/span><\/a><\/p>","protected":false},"author":1,"featured_media":0,"parent":53,"menu_order":0,"comment_status":"closed","ping_status":"closed","template":"","meta":{"footnotes":""},"class_list":["post-1639","page","type-page","status-publish","hentry"],"_links":{"self":[{"href":"https:\/\/espaivincles.com\/ca\/wp-json\/wp\/v2\/pages\/1639","targetHints":{"allow":["GET"]}}],"collection":[{"href":"https:\/\/espaivincles.com\/ca\/wp-json\/wp\/v2\/pages"}],"about":[{"href":"https:\/\/espaivincles.com\/ca\/wp-json\/wp\/v2\/types\/page"}],"author":[{"embeddable":true,"href":"https:\/\/espaivincles.com\/ca\/wp-json\/wp\/v2\/users\/1"}],"replies":[{"embeddable":true,"href":"https:\/\/espaivincles.com\/ca\/wp-json\/wp\/v2\/comments?post=1639"}],"version-history":[{"count":1,"href":"https:\/\/espaivincles.com\/ca\/wp-json\/wp\/v2\/pages\/1639\/revisions"}],"predecessor-version":[{"id":1640,"href":"https:\/\/espaivincles.com\/ca\/wp-json\/wp\/v2\/pages\/1639\/revisions\/1640"}],"up":[{"embeddable":true,"href":"https:\/\/espaivincles.com\/ca\/wp-json\/wp\/v2\/pages\/53"}],"wp:attachment":[{"href":"https:\/\/espaivincles.com\/ca\/wp-json\/wp\/v2\/media?parent=1639"}],"curies":[{"name":"wp","href":"https:\/\/api.w.org\/{rel}","templated":true}]}}