{"id":1642,"date":"2014-03-04T12:27:44","date_gmt":"2014-03-04T12:27:44","guid":{"rendered":"http:\/\/espaivincles.com\/ca\/psicologia-i-psicoterapia\/embarazo-y-psicologia-perinatal\/"},"modified":"2016-05-30T16:02:15","modified_gmt":"2016-05-30T16:02:15","slug":"perinatal","status":"publish","type":"page","link":"https:\/\/espaivincles.com\/ca\/psicologia-i-psicoterapia\/perinatal\/","title":{"rendered":"Perinatal"},"content":{"rendered":"[vc_row][vc_column][vc_single_image image=&#8221;437&#8243; img_size=&#8221;full&#8221; alignment=&#8221;center&#8221;][\/vc_column][\/vc_row][vc_row nexus_after_row_show=&#8221;&#8221;][vc_column width=&#8221;2\/3&#8243;][vc_column_text]\r\n<h4>Qu\u00e8 \u00e9s la Psicologia Perinatal?<\/h4>\r\n\u00c9s la branca de la psicologia que tracta els aspectes psico-emocionals relacionats amb la concepci\u00f3, l\u2019embar\u00e0s, el part, el postpart i la crian\u00e7a primerenca. Est\u00e0 orientada a acompanyar i donar suport a les fam\u00edlies durant aquest per\u00edode, i posa especial atenci\u00f3 a l\u2019establiment d\u2019un vincle saludable entre la mare i el nad\u00f3, aix\u00ed com en la funci\u00f3 del pare en aquest moment tan important.\r\n<h4>Quan plantejar-se buscar Assessorament Perinatal?<\/h4>\r\nDurant l<strong>\u2018embar\u00e0s i postpart<\/strong>:\r\n<ul>\r\n\t<li>Dificultats en la concepci\u00f3 (natural o reproducci\u00f3 assistida)<\/li>\r\n\t<li>Ansietat en l\u2019embar\u00e0s i pors envers el part<\/li>\r\n\t<li>Malestar despr\u00e9s d\u2019un part dif\u00edcil i estr\u00e9s postraum\u00e0tic<\/li>\r\n\t<li>Dol per la p\u00e8rdua del nad\u00f3<\/li>\r\n\t<li>Tristesa i despressi\u00f3 durant l\u2019embar\u00e0s i en el postpart<\/li>\r\n<\/ul>\r\nDurant la <strong>crian\u00e7a primerenca<\/strong> (de 0 a 24 mesos):\r\n<ul>\r\n\t<li>Adaptaci\u00f3 a la maternitat i paternitat<\/li>\r\n\t<li>Dificultats en la lact\u00e0ncia<\/li>\r\n\t<li>Plors del nad\u00f3<\/li>\r\n\t<li>La son del nad\u00f3<\/li>\r\n\t<li>Dificultats en l\u2019establiment del vincle<\/li>\r\n\t<li>Introducci\u00f3 als s\u00f2lids i Baby Led Weaning<\/li>\r\n<\/ul>\r\n&nbsp;\r\n\r\nAvui en dia cada cop \u00e9s m\u00e9s conegut que les emocions maternes tenen una forta\u00a0influ\u00e8ncia en el desenvolupament del beb\u00e8, tant abans com despr\u00e9s del part. \u00c9s important que les fam\u00edlies se sentin acompanyades en aquest per\u00edode tan sensible i que disposin d\u2019un espai on poder-se sentir acollides i escoltades, especialment quan apareixen dificultats, per tal de poder crear un bon vincle entre la mare i nad\u00f3, i aix\u00ed garantir l\u2019establiment d\u2019unes bases de funcionament familiar saludable.\r\n\r\nDes d\u2019Espai Vincles volem oferir una atenci\u00f3 als canvis emocionals i psicol\u00f2gics que es donen durant tot aquest proc\u00e9s. Tractarem els conflictes que es puguin presentar amb la m\u00e0xima cura i respecte per la dona embarassada, la seva parella i el nad\u00f3, per tal que pugueu viure d\u2019una manera positiva el transcurs d\u2019aquesta experi\u00e8ncia tan especial.[\/vc_column_text][\/vc_column][vc_column width=&#8221;1\/3&#8243; css=&#8221;.vc_custom_1463647724729{background-color: rgba(184,216,216,0.09) !important;*background-color: rgb(184,216,216) !important;}&#8221;][vc_column_text]\r\n<h3 style=\"text-align: center;\">Consulta&#8217;ns el teu dubte! T&#8217;assessorem gratu\u00eftament<\/h3>\r\n[\/vc_column_text]\n<div class=\"wpcf7 no-js\" id=\"wpcf7-f199-o1\" lang=\"\" dir=\"ltr\">\n<div class=\"screen-reader-response\"><p role=\"status\" aria-live=\"polite\" aria-atomic=\"true\"><\/p> <ul><\/ul><\/div>\n<form action=\"\/ca\/wp-json\/wp\/v2\/pages\/1642#wpcf7-f199-o1\" method=\"post\" class=\"wpcf7-form init\" aria-label=\"Formulari de contacte\" novalidate=\"novalidate\" data-status=\"init\">\n<div style=\"display: none;\">\n<input type=\"hidden\" name=\"_wpcf7\" value=\"199\" \/>\n<input type=\"hidden\" name=\"_wpcf7_version\" value=\"5.9.5\" \/>\n<input type=\"hidden\" name=\"_wpcf7_locale\" value=\"\" \/>\n<input type=\"hidden\" name=\"_wpcf7_unit_tag\" value=\"wpcf7-f199-o1\" \/>\n<input type=\"hidden\" name=\"_wpcf7_container_post\" value=\"0\" \/>\n<input type=\"hidden\" name=\"_wpcf7_posted_data_hash\" value=\"\" \/>\n<\/div>\n<p><strong>Nom *<\/strong>\n<\/p>\n<p><span class=\"wpcf7-form-control-wrap\" data-name=\"your-name\"><input size=\"40\" class=\"wpcf7-form-control wpcf7-text wpcf7-validates-as-required\" aria-required=\"true\" aria-invalid=\"false\" value=\"\" type=\"text\" name=\"your-name\" \/><\/span>\n<\/p>\n<p><strong>Tel\u00e8fon<\/strong>\n<\/p>\n<p><span class=\"wpcf7-form-control-wrap\" data-name=\"tel-599\"><input size=\"40\" class=\"wpcf7-form-control wpcf7-tel wpcf7-text wpcf7-validates-as-tel\" aria-invalid=\"false\" value=\"\" type=\"tel\" name=\"tel-599\" \/><\/span>\n<\/p>\n<p\/>\n<\/p>\n<p><strong>Email *<\/strong>\n<\/p>\n<p><span class=\"wpcf7-form-control-wrap\" data-name=\"your-email\"><input size=\"40\" class=\"wpcf7-form-control wpcf7-email wpcf7-validates-as-required wpcf7-text wpcf7-validates-as-email\" aria-required=\"true\" aria-invalid=\"false\" value=\"\" type=\"email\" name=\"your-email\" \/><\/span>\n<\/p>\n<p><strong>Assumpte<\/strong>\n<\/p>\n<p><span class=\"wpcf7-form-control-wrap\" data-name=\"your-subject\"><input size=\"40\" class=\"wpcf7-form-control wpcf7-text\" aria-invalid=\"false\" value=\"\" type=\"text\" name=\"your-subject\" \/><\/span>\n<\/p>\n<p><strong>Missatge<\/strong>\n<\/p>\n<p><span class=\"wpcf7-form-control-wrap\" data-name=\"your-message\"><textarea cols=\"40\" rows=\"10\" class=\"wpcf7-form-control wpcf7-textarea\" aria-invalid=\"false\" name=\"your-message\"><\/textarea><\/span>\n<\/p>\n<p>[recaptcha]\n<\/p>\n<p><button class=\"wpcf7-form-control wpcf7-submit main icon-right\" type=\"submit\" >Enviar<i class=\"fa fa-chevron-circle-right\"><\/i><\/button>\n<\/p><div class=\"wpcf7-response-output\" aria-hidden=\"true\"><\/div>\n<\/form>\n<\/div>\n[vc_empty_space][\/vc_column][\/vc_row]","protected":false},"excerpt":{"rendered":"[vc_row][vc_column][vc_single_image image=\"437\" img_size=\"full\" alignment=\"center\"][\/vc_column][\/vc_row][vc_row nexus_after_row_show=\"\"][vc_column width=\"2\/3\"][vc_column_text] Qu\u00e8 \u00e9s la Psicologia Perinatal? \u00c9s la branca de la psicologia que tracta els aspectes psico-emocionals relacionats amb la <p class=\"readmore\"><a class=\"more-btn\" href=\"https:\/\/espaivincles.com\/ca\/psicologia-i-psicoterapia\/perinatal\/\">Continue reading <span class=\"meta-nav\">&#x2192;<\/span><\/a><\/p>","protected":false},"author":1,"featured_media":0,"parent":53,"menu_order":1,"comment_status":"closed","ping_status":"closed","template":"","meta":{"footnotes":""},"class_list":["post-1642","page","type-page","status-publish","hentry"],"_links":{"self":[{"href":"https:\/\/espaivincles.com\/ca\/wp-json\/wp\/v2\/pages\/1642","targetHints":{"allow":["GET"]}}],"collection":[{"href":"https:\/\/espaivincles.com\/ca\/wp-json\/wp\/v2\/pages"}],"about":[{"href":"https:\/\/espaivincles.com\/ca\/wp-json\/wp\/v2\/types\/page"}],"author":[{"embeddable":true,"href":"https:\/\/espaivincles.com\/ca\/wp-json\/wp\/v2\/users\/1"}],"replies":[{"embeddable":true,"href":"https:\/\/espaivincles.com\/ca\/wp-json\/wp\/v2\/comments?post=1642"}],"version-history":[{"count":2,"href":"https:\/\/espaivincles.com\/ca\/wp-json\/wp\/v2\/pages\/1642\/revisions"}],"predecessor-version":[{"id":1644,"href":"https:\/\/espaivincles.com\/ca\/wp-json\/wp\/v2\/pages\/1642\/revisions\/1644"}],"up":[{"embeddable":true,"href":"https:\/\/espaivincles.com\/ca\/wp-json\/wp\/v2\/pages\/53"}],"wp:attachment":[{"href":"https:\/\/espaivincles.com\/ca\/wp-json\/wp\/v2\/media?parent=1642"}],"curies":[{"name":"wp","href":"https:\/\/api.w.org\/{rel}","templated":true}]}}