{"id":53,"date":"2013-12-16T02:16:24","date_gmt":"2013-12-16T02:16:24","guid":{"rendered":"http:\/\/espaivincles.com\/?page_id=53"},"modified":"2016-09-28T15:48:54","modified_gmt":"2016-09-28T15:48:54","slug":"psicologia-i-psicoterapia","status":"publish","type":"page","link":"https:\/\/espaivincles.com\/ca\/psicologia-i-psicoterapia\/","title":{"rendered":"Psicologia i Psicoter\u00e0pia"},"content":{"rendered":"[vc_row][vc_column][vc_column_text]\r\n<h1 style=\"text-align: justify;\">Qu\u00e8 fem<\/h1>\r\nEspai Vincles \u00e9s un espai dedicat al benestar de la fam\u00edlia, la parella i al creixement personal, ubicat al centre de Sant Cugat.\r\nUs oferim un ventall de propostes psicoterap\u00e8utiques i tallers relacionats amb l&#8217;embar\u00e0s i postpart, la inf\u00e0ncia, la parella i la sexualitat.\r\nLes problem\u00e0tiques pr\u00f2pies de les diferents etapes del cicle vital i familiar requereixen una atenci\u00f3 integral. La nostra tasca \u00e9s acompanyar l&#8217;individu durant la cerca i comprensi\u00f3 del benestar, la construcci\u00f3 de la parella i la seva sexualitat, l&#8217;embar\u00e0s i puerperi, i la crian\u00e7a dels fills.\r\n\r\nL&#8217;equip d&#8217;Espai Vincles ofereix els seg\u00fcents serveis:\r\n<ul>\r\n\t<li>Ter\u00e0pia psicol\u00f2gica individual <a title=\"psicologia adults\" href=\"http:\/\/espaivincles.com\/ca\/psicologia-i-psicoterapia\/adults\/\">d&#8217;adults<\/a>, <a title=\"psicologia adolescents\" href=\"http:\/\/espaivincles.com\/ca\/psicologia-i-psicoterapia\/adolescencia\/\">adolescents <\/a>i <a title=\"psicologia infantil\" href=\"http:\/\/espaivincles.com\/ca\/psicologia-i-psicoterapia\/psicologia-infantil\/\">infantil<\/a><\/li>\r\n\t<li>Ter\u00e0pia familiar<\/li>\r\n\t<li><a title=\"Ter\u00e0pia de parella\" href=\"http:\/\/espaivincles.com\/ca\/psicologia-i-psicoterapia\/parella\/\">Ter\u00e0pia de parella<\/a><\/li>\r\n\t<li><a title=\"Ter\u00e0pia sexual\" href=\"http:\/\/espaivincles.com\/ca\/psicologia-i-psicoterapia\/sexologia\/\">Sexologia<\/a><\/li>\r\n\t<li><a title=\"Psicologia perinetal\" href=\"http:\/\/espaivincles.com\/ca\/psicologia-i-psicoterapia\/perinatal\/\">Assessorament sobre l&#8217;embar\u00e0s, part, postpart i crian\u00e7a<\/a><\/li>\r\n\t<li><a title=\"Psicologia sexual\" href=\"http:\/\/espaivincles.com\/ca\/psicologia-i-psicoterapia\/sexologia\/\">Assessorament sexual<\/a><\/li>\r\n\t<li>Terapia a domicili<\/li>\r\n\t<li>Consulta online<\/li>\r\n\t<li>Tallers<\/li>\r\n<\/ul>\r\n* Us podem atendre en <strong>catal\u00e0, castell\u00e0, angl\u00e8s i franc\u00e8s<\/strong>[\/vc_column_text][\/vc_column][\/vc_row][vc_row nexus_after_row_show=&#8221;&#8221; nexus_class=&#8221;psicologia-que-fem-especialitats&#8221;][vc_column width=&#8221;1\/3&#8243;][vc_column_text]<a href=\"http:\/\/espaivincles.com\/ca\/psicologia-i-psicoterapia\/psicologia-infantil\/\"><img loading=\"lazy\" decoding=\"async\" class=\"aligncenter wp-image-361 size-full\" src=\"http:\/\/espaivincles.com\/wp-content\/uploads\/2014\/01\/infancia-thumb.jpg\" alt=\"infancia-thumb\" width=\"200\" height=\"200\" srcset=\"https:\/\/espaivincles.com\/wp-content\/uploads\/2014\/01\/infancia-thumb.jpg 200w, https:\/\/espaivincles.com\/wp-content\/uploads\/2014\/01\/infancia-thumb-150x150.jpg 150w\" sizes=\"auto, (max-width: 200px) 100vw, 200px\" \/><\/a>\r\n<h3 style=\"text-align: center;\"><a href=\"http:\/\/espaivincles.com\/ca\/psicologia-i-psicoterapia\/psicologia-infantil\/\">Inf\u00e0ncia<\/a><\/h3>\r\n[\/vc_column_text][vc_column_text]<a href=\"http:\/\/espaivincles.com\/ca\/psicologia-i-psicoterapia\/parella\/\"><img loading=\"lazy\" decoding=\"async\" class=\"aligncenter wp-image-362 size-full\" src=\"http:\/\/espaivincles.com\/wp-content\/uploads\/2014\/01\/parella-thumb.jpg\" alt=\"parella-thumb\" width=\"200\" height=\"200\" srcset=\"https:\/\/espaivincles.com\/wp-content\/uploads\/2014\/01\/parella-thumb.jpg 200w, https:\/\/espaivincles.com\/wp-content\/uploads\/2014\/01\/parella-thumb-150x150.jpg 150w\" sizes=\"auto, (max-width: 200px) 100vw, 200px\" \/><\/a>\r\n<h3 style=\"text-align: center;\"><a href=\"http:\/\/espaivincles.com\/ca\/psicologia-i-psicoterapia\/parella\/\">Parella<\/a><\/h3>\r\n[\/vc_column_text][\/vc_column][vc_column width=&#8221;1\/3&#8243;][vc_column_text]\r\n<p style=\"text-align: center;\"><a href=\"http:\/\/espaivincles.com\/ca\/psicologia-i-psicoterapia\/adolescencia\/\"><img loading=\"lazy\" decoding=\"async\" class=\"alignnone wp-image-1518 size-full\" src=\"http:\/\/espaivincles.com\/wp-content\/uploads\/2014\/03\/adolescencia-thumb.jpg\" alt=\"adolescencia-thumb\" width=\"200\" height=\"200\" srcset=\"https:\/\/espaivincles.com\/wp-content\/uploads\/2014\/03\/adolescencia-thumb.jpg 200w, https:\/\/espaivincles.com\/wp-content\/uploads\/2014\/03\/adolescencia-thumb-150x150.jpg 150w\" sizes=\"auto, (max-width: 200px) 100vw, 200px\" \/><\/a><\/p>\r\n\r\n<h3 style=\"text-align: center;\"><a href=\"http:\/\/espaivincles.com\/ca\/psicologia-i-psicoterapia\/adolescencia\/\">Adolescencia<\/a><\/h3>\r\n[\/vc_column_text][vc_column_text]<a href=\"http:\/\/espaivincles.com\/ca\/psicologia-i-psicoterapia\/sexologia\/\"><img loading=\"lazy\" decoding=\"async\" class=\"aligncenter wp-image-363 size-full\" src=\"http:\/\/espaivincles.com\/wp-content\/uploads\/2014\/01\/sexualitat-thumb.jpg\" alt=\"sexualitat-thumb\" width=\"200\" height=\"200\" srcset=\"https:\/\/espaivincles.com\/wp-content\/uploads\/2014\/01\/sexualitat-thumb.jpg 200w, https:\/\/espaivincles.com\/wp-content\/uploads\/2014\/01\/sexualitat-thumb-150x150.jpg 150w\" sizes=\"auto, (max-width: 200px) 100vw, 200px\" \/><\/a>\r\n<h3 style=\"text-align: center;\"><a href=\"http:\/\/espaivincles.com\/ca\/psicologia-i-psicoterapia\/sexologia\/\">Sexologia<\/a><\/h3>\r\n[\/vc_column_text][\/vc_column][vc_column width=&#8221;1\/3&#8243;][vc_column_text]\r\n<h3 style=\"text-align: center;\"><a href=\"http:\/\/espaivincles.com\/ca\/psicologia-i-psicoterapia\/adults\/\"><img loading=\"lazy\" decoding=\"async\" class=\"alignnone wp-image-1520 size-full\" src=\"http:\/\/espaivincles.com\/wp-content\/uploads\/2014\/03\/adults-thumb.jpg\" alt=\"adults-thumb\" width=\"200\" height=\"200\" srcset=\"https:\/\/espaivincles.com\/wp-content\/uploads\/2014\/03\/adults-thumb.jpg 200w, https:\/\/espaivincles.com\/wp-content\/uploads\/2014\/03\/adults-thumb-150x150.jpg 150w\" sizes=\"auto, (max-width: 200px) 100vw, 200px\" \/><\/a><\/h3>\r\n<h3 style=\"text-align: center;\"><a href=\"http:\/\/espaivincles.com\/ca\/psicologia-i-psicoterapia\/adults\/\">Adults<\/a><\/h3>\r\n[\/vc_column_text][vc_column_text]<a href=\"http:\/\/espaivincles.com\/ca\/psicologia-i-psicoterapia\/perinatal\/\"><img loading=\"lazy\" decoding=\"async\" class=\"aligncenter wp-image-360 size-full\" src=\"http:\/\/espaivincles.com\/wp-content\/uploads\/2014\/01\/embaras-thumb.jpg\" alt=\"embaras-thumb\" width=\"200\" height=\"200\" srcset=\"https:\/\/espaivincles.com\/wp-content\/uploads\/2014\/01\/embaras-thumb.jpg 200w, https:\/\/espaivincles.com\/wp-content\/uploads\/2014\/01\/embaras-thumb-150x150.jpg 150w\" sizes=\"auto, (max-width: 200px) 100vw, 200px\" \/><\/a>\r\n<h3 style=\"text-align: center;\"><a href=\"http:\/\/espaivincles.com\/ca\/psicologia-i-psicoterapia\/perinatal\/\">Perinatal<\/a><\/h3>\r\n[\/vc_column_text][\/vc_column][\/vc_row]","protected":false},"excerpt":{"rendered":"[vc_row][vc_column][vc_column_text] Qu\u00e8 fem Espai Vincles \u00e9s un espai dedicat al benestar de la fam\u00edlia, la parella i al creixement personal, ubicat al centre de Sant <p class=\"readmore\"><a class=\"more-btn\" href=\"https:\/\/espaivincles.com\/ca\/psicologia-i-psicoterapia\/\">Continue reading <span class=\"meta-nav\">&#x2192;<\/span><\/a><\/p>","protected":false},"author":1,"featured_media":0,"parent":0,"menu_order":0,"comment_status":"closed","ping_status":"closed","template":"","meta":{"footnotes":""},"class_list":["post-53","page","type-page","status-publish","hentry"],"_links":{"self":[{"href":"https:\/\/espaivincles.com\/ca\/wp-json\/wp\/v2\/pages\/53","targetHints":{"allow":["GET"]}}],"collection":[{"href":"https:\/\/espaivincles.com\/ca\/wp-json\/wp\/v2\/pages"}],"about":[{"href":"https:\/\/espaivincles.com\/ca\/wp-json\/wp\/v2\/types\/page"}],"author":[{"embeddable":true,"href":"https:\/\/espaivincles.com\/ca\/wp-json\/wp\/v2\/users\/1"}],"replies":[{"embeddable":true,"href":"https:\/\/espaivincles.com\/ca\/wp-json\/wp\/v2\/comments?post=53"}],"version-history":[{"count":13,"href":"https:\/\/espaivincles.com\/ca\/wp-json\/wp\/v2\/pages\/53\/revisions"}],"predecessor-version":[{"id":1785,"href":"https:\/\/espaivincles.com\/ca\/wp-json\/wp\/v2\/pages\/53\/revisions\/1785"}],"wp:attachment":[{"href":"https:\/\/espaivincles.com\/ca\/wp-json\/wp\/v2\/media?parent=53"}],"curies":[{"name":"wp","href":"https:\/\/api.w.org\/{rel}","templated":true}]}}