{"id":698,"date":"2014-09-20T15:08:16","date_gmt":"2014-09-20T15:08:16","guid":{"rendered":"http:\/\/espaivincles.com\/?page_id=698"},"modified":"2016-09-28T15:53:23","modified_gmt":"2016-09-28T15:53:23","slug":"blog","status":"publish","type":"page","link":"https:\/\/espaivincles.com\/ca\/blog\/","title":{"rendered":"Blog"},"content":{"rendered":"[vc_row][vc_column width=&#8221;2\/3&#8243;]<div class=\"lasted-blog\"><article class=\"post\"><div class=\"post-meta\"><span class=\"author\"><a href=\"https:\/\/espaivincles.com\/ca\/author\/bearubiovicentegmail-com\/\" title=\"Espai Vincles\" target=\"_blank\"><img alt='' src='https:\/\/secure.gravatar.com\/avatar\/8afd62508b4a0ef518a6893b627c76e878d884e225c53e7d1beb153a2b9e815a?s=40&#038;d=mm&#038;r=g' srcset='https:\/\/secure.gravatar.com\/avatar\/8afd62508b4a0ef518a6893b627c76e878d884e225c53e7d1beb153a2b9e815a?s=80&#038;d=mm&#038;r=g 2x' class='avatar avatar-40 photo' height='40' width='40' \/>Espai Vincles<\/a><\/span>, <span class=\"categories\">Posted in <a href=\"https:\/\/espaivincles.com\/ca\/category\/blog-ca\/\" title=\"Blog\">Blog<\/a><\/span>, <span class=\"date\">At <a href=\"https:\/\/espaivincles.com\/ca\/2014\/09\/\">abril 25, 2016<\/a><\/span><\/div><h2 class=\"post-title\"><a href=\"https:\/\/espaivincles.com\/ca\/2016\/04\/25\/cuando-el-sexo-duele-dispareunia-vaginismo-y-vulvodinia\/\" rel=\"bookmark\" title=\"Permanent Link to CUANDO EL SEXO DUELE: DISPAREUNIA, VAGINISMO Y VULVODINIA\">CUANDO EL SEXO DUELE: DISPAREUNIA, VAGINISMO Y VULVODINIA<\/a><\/h2><div class=\"post-thumbnail\"><a href=\"https:\/\/espaivincles.com\/ca\/2016\/04\/25\/cuando-el-sexo-duele-dispareunia-vaginismo-y-vulvodinia\/\" title=\"\"><img loading=\"lazy\" decoding=\"async\" width=\"591\" height=\"385\" src=\"https:\/\/espaivincles.com\/wp-content\/uploads\/2016\/04\/sexbedwoman.jpg\" class=\"attachment-full size-full wp-post-image\" alt=\"\" srcset=\"https:\/\/espaivincles.com\/wp-content\/uploads\/2016\/04\/sexbedwoman.jpg 591w, https:\/\/espaivincles.com\/wp-content\/uploads\/2016\/04\/sexbedwoman-300x195.jpg 300w\" sizes=\"auto, (max-width: 591px) 100vw, 591px\" \/><\/a><\/div><div class=\"post-content\">Este post tiene como objetivo informar. Informar sobre una realidad que padecen muchas mujeres y que en ocasiones, dejamos de atender y pasa a ser el \u00faltimo punto de nuestra lista de prioridades. El vaginismo, la dispareunia y la vulvodinia son tres dolencias de las que se habla poco, provocando <a class=\"more-btn\" href=\"https:\/\/espaivincles.com\/ca\/2016\/04\/25\/cuando-el-sexo-duele-dispareunia-vaginismo-y-vulvodinia\/\" title=\"\">Continue reading <span class=\"meta-nav\">&#x2192;<\/span><\/a><\/div><\/article><article class=\"post\"><div class=\"post-meta\"><span class=\"author\"><a href=\"https:\/\/espaivincles.com\/ca\/author\/bearubiovicentegmail-com\/\" title=\"Espai Vincles\" target=\"_blank\"><img alt='' src='https:\/\/secure.gravatar.com\/avatar\/8afd62508b4a0ef518a6893b627c76e878d884e225c53e7d1beb153a2b9e815a?s=40&#038;d=mm&#038;r=g' srcset='https:\/\/secure.gravatar.com\/avatar\/8afd62508b4a0ef518a6893b627c76e878d884e225c53e7d1beb153a2b9e815a?s=80&#038;d=mm&#038;r=g 2x' class='avatar avatar-40 photo' height='40' width='40' \/>Espai Vincles<\/a><\/span>, <span class=\"categories\">Posted in <a href=\"https:\/\/espaivincles.com\/ca\/category\/blog-ca\/\" title=\"Blog\">Blog<\/a><\/span>, <span class=\"date\">At <a href=\"https:\/\/espaivincles.com\/ca\/2014\/09\/\">abril 13, 2016<\/a><\/span><\/div><h2 class=\"post-title\"><a href=\"https:\/\/espaivincles.com\/ca\/2016\/04\/13\/la-depresion-posparto-una-realidad-encubierta\/\" rel=\"bookmark\" title=\"Permanent Link to LA DEPRESI\u00d3N POSPARTO: Una realidad encubierta\">LA DEPRESI\u00d3N POSPARTO: Una realidad encubierta<\/a><\/h2><div class=\"post-thumbnail\"><a href=\"https:\/\/espaivincles.com\/ca\/2016\/04\/13\/la-depresion-posparto-una-realidad-encubierta\/\" title=\"\"><img loading=\"lazy\" decoding=\"async\" width=\"375\" height=\"135\" src=\"https:\/\/espaivincles.com\/wp-content\/uploads\/2016\/04\/\u00edndice.jpg\" class=\"attachment-full size-full wp-post-image\" alt=\"\" srcset=\"https:\/\/espaivincles.com\/wp-content\/uploads\/2016\/04\/\u00edndice.jpg 375w, https:\/\/espaivincles.com\/wp-content\/uploads\/2016\/04\/\u00edndice-300x108.jpg 300w\" sizes=\"auto, (max-width: 375px) 100vw, 375px\" \/><\/a><\/div><div class=\"post-content\">&nbsp; La despresi\u00f3n posparto es algo de lo que todos hemos o\u00eddo hablar alguna vez en los medios, le\u00eddo un art\u00edculo por internet... pero pocas personas conocen de primera mano a alguien que la haya vivido. \u00bfY eso por qu\u00e9? La mayor\u00eda de nosotros s\u00ed hemos conocido a alguien que <a class=\"more-btn\" href=\"https:\/\/espaivincles.com\/ca\/2016\/04\/13\/la-depresion-posparto-una-realidad-encubierta\/\" title=\"\">Continue reading <span class=\"meta-nav\">&#x2192;<\/span><\/a><\/div><\/article><article class=\"post\"><div class=\"post-meta\"><span class=\"author\"><a href=\"https:\/\/espaivincles.com\/ca\/author\/bearubiovicentegmail-com\/\" title=\"Espai Vincles\" target=\"_blank\"><img alt='' src='https:\/\/secure.gravatar.com\/avatar\/8afd62508b4a0ef518a6893b627c76e878d884e225c53e7d1beb153a2b9e815a?s=40&#038;d=mm&#038;r=g' srcset='https:\/\/secure.gravatar.com\/avatar\/8afd62508b4a0ef518a6893b627c76e878d884e225c53e7d1beb153a2b9e815a?s=80&#038;d=mm&#038;r=g 2x' class='avatar avatar-40 photo' height='40' width='40' \/>Espai Vincles<\/a><\/span>, <span class=\"categories\">Posted in <a href=\"https:\/\/espaivincles.com\/ca\/category\/blog-ca\/\" title=\"Blog\">Blog<\/a><\/span>, <span class=\"date\">At <a href=\"https:\/\/espaivincles.com\/ca\/2014\/09\/\">abril 7, 2016<\/a><\/span><\/div><h2 class=\"post-title\"><a href=\"https:\/\/espaivincles.com\/ca\/2016\/04\/07\/de-que-sirve-la-ansiedad\/\" rel=\"bookmark\" title=\"Permanent Link to \u00bfDE QU\u00c9 SIRVE LA ANSIEDAD?\">\u00bfDE QU\u00c9 SIRVE LA ANSIEDAD?<\/a><\/h2><div class=\"post-thumbnail\"><a href=\"https:\/\/espaivincles.com\/ca\/2016\/04\/07\/de-que-sirve-la-ansiedad\/\" title=\"\"><img loading=\"lazy\" decoding=\"async\" width=\"400\" height=\"400\" src=\"https:\/\/espaivincles.com\/wp-content\/uploads\/2016\/04\/remedies-anxiety-400x400.jpg\" class=\"attachment-full size-full wp-post-image\" alt=\"\" srcset=\"https:\/\/espaivincles.com\/wp-content\/uploads\/2016\/04\/remedies-anxiety-400x400.jpg 400w, https:\/\/espaivincles.com\/wp-content\/uploads\/2016\/04\/remedies-anxiety-400x400-150x150.jpg 150w, https:\/\/espaivincles.com\/wp-content\/uploads\/2016\/04\/remedies-anxiety-400x400-300x300.jpg 300w\" sizes=\"auto, (max-width: 400px) 100vw, 400px\" \/><\/a><\/div><div class=\"post-content\">Al contrario de lo que muchos puedan pensar, la ansiedad tiene una raz\u00f3n de ser y una funci\u00f3n: la ansiedad es la voz de las emociones manifestada a trav\u00e9s de nuestro cuerpo. Es un intento de comunicaci\u00f3n de aspectos de nosotros mismos no escuchados y a su vez, una forma <a class=\"more-btn\" href=\"https:\/\/espaivincles.com\/ca\/2016\/04\/07\/de-que-sirve-la-ansiedad\/\" title=\"\">Continue reading <span class=\"meta-nav\">&#x2192;<\/span><\/a><\/div><\/article><article class=\"post\"><div class=\"post-meta\"><span class=\"author\"><a href=\"https:\/\/espaivincles.com\/ca\/author\/bearubiovicentegmail-com\/\" title=\"Espai Vincles\" target=\"_blank\"><img alt='' src='https:\/\/secure.gravatar.com\/avatar\/8afd62508b4a0ef518a6893b627c76e878d884e225c53e7d1beb153a2b9e815a?s=40&#038;d=mm&#038;r=g' srcset='https:\/\/secure.gravatar.com\/avatar\/8afd62508b4a0ef518a6893b627c76e878d884e225c53e7d1beb153a2b9e815a?s=80&#038;d=mm&#038;r=g 2x' class='avatar avatar-40 photo' height='40' width='40' \/>Espai Vincles<\/a><\/span>, <span class=\"categories\">Posted in <a href=\"https:\/\/espaivincles.com\/ca\/category\/blog-ca\/\" title=\"Blog\">Blog<\/a><\/span>, <span class=\"date\">At <a href=\"https:\/\/espaivincles.com\/ca\/2014\/09\/\">mar\u00e7 10, 2016<\/a><\/span><\/div><h2 class=\"post-title\"><a href=\"https:\/\/espaivincles.com\/ca\/2016\/03\/10\/silenciar-las-emociones\/\" rel=\"bookmark\" title=\"Permanent Link to SILENCIAR LAS EMOCIONES\">SILENCIAR LAS EMOCIONES<\/a><\/h2><div class=\"post-thumbnail\"><a href=\"https:\/\/espaivincles.com\/ca\/2016\/03\/10\/silenciar-las-emociones\/\" title=\"\"><img loading=\"lazy\" decoding=\"async\" width=\"500\" height=\"333\" src=\"https:\/\/espaivincles.com\/wp-content\/uploads\/2016\/03\/globos.jpg\" class=\"attachment-full size-full wp-post-image\" alt=\"\" srcset=\"https:\/\/espaivincles.com\/wp-content\/uploads\/2016\/03\/globos.jpg 500w, https:\/\/espaivincles.com\/wp-content\/uploads\/2016\/03\/globos-300x200.jpg 300w\" sizes=\"auto, (max-width: 500px) 100vw, 500px\" \/><\/a><\/div><div class=\"post-content\">&nbsp; \u00bfCu\u00e1ntas emociones reprimimos a lo largo de un d\u00eda? \u00bfQu\u00e9 sentimientos has sentido y no has dicho en el d\u00eda de hoy? Desde peque\u00f1os nos ense\u00f1an a tapar, esconder, bloquear y minimizar nuestras emociones. Vamos siendo castrados en nuestros sentimientos y emociones, y cuando podemos tomar nuestras propias decisiones <a class=\"more-btn\" href=\"https:\/\/espaivincles.com\/ca\/2016\/03\/10\/silenciar-las-emociones\/\" title=\"\">Continue reading <span class=\"meta-nav\">&#x2192;<\/span><\/a><\/div><\/article><article class=\"post\"><div class=\"post-meta\"><span class=\"author\"><a href=\"https:\/\/espaivincles.com\/ca\/author\/bearubiovicentegmail-com\/\" title=\"Espai Vincles\" target=\"_blank\"><img alt='' src='https:\/\/secure.gravatar.com\/avatar\/8afd62508b4a0ef518a6893b627c76e878d884e225c53e7d1beb153a2b9e815a?s=40&#038;d=mm&#038;r=g' srcset='https:\/\/secure.gravatar.com\/avatar\/8afd62508b4a0ef518a6893b627c76e878d884e225c53e7d1beb153a2b9e815a?s=80&#038;d=mm&#038;r=g 2x' class='avatar avatar-40 photo' height='40' width='40' \/>Espai Vincles<\/a><\/span>, <span class=\"categories\">Posted in <a href=\"https:\/\/espaivincles.com\/ca\/category\/blog-ca\/\" title=\"Blog\">Blog<\/a><\/span>, <span class=\"date\">At <a href=\"https:\/\/espaivincles.com\/ca\/2014\/09\/\">octubre 19, 2014<\/a><\/span><\/div><h2 class=\"post-title\"><a href=\"https:\/\/espaivincles.com\/ca\/2014\/10\/19\/dia-mundial-contra-el-cancer-de-mama-4\/\" rel=\"bookmark\" title=\"Permanent Link to D\u00cdA MUNDIAL CONTRA EL C\u00c1NCER DE MAMA\">D\u00cdA MUNDIAL CONTRA EL C\u00c1NCER DE MAMA<\/a><\/h2><div class=\"post-thumbnail\"><a href=\"https:\/\/espaivincles.com\/ca\/2014\/10\/19\/dia-mundial-contra-el-cancer-de-mama-4\/\" title=\"\"><img loading=\"lazy\" decoding=\"async\" width=\"1410\" height=\"640\" src=\"https:\/\/espaivincles.com\/wp-content\/uploads\/2014\/10\/dia-del-cancer-de-mama.jpg\" class=\"attachment-full size-full wp-post-image\" alt=\"\" srcset=\"https:\/\/espaivincles.com\/wp-content\/uploads\/2014\/10\/dia-del-cancer-de-mama.jpg 1410w, https:\/\/espaivincles.com\/wp-content\/uploads\/2014\/10\/dia-del-cancer-de-mama-300x136.jpg 300w, https:\/\/espaivincles.com\/wp-content\/uploads\/2014\/10\/dia-del-cancer-de-mama-1024x464.jpg 1024w\" sizes=\"auto, (max-width: 1410px) 100vw, 1410px\" \/><\/a><\/div><div class=\"post-content\">Con este post queremos aportar nuestro granito de arena en la difusi\u00f3n de informaci\u00f3n para la prevenci\u00f3n precoz del c\u00e1ncer de mama, y a su vez, el reconocimiento para aquellas personas que lo han sufrido, lo est\u00e1n sufriendo en la actualidad o lo sufrir\u00e1n. Sabemos que la informaci\u00f3n es muy <a class=\"more-btn\" href=\"https:\/\/espaivincles.com\/ca\/2014\/10\/19\/dia-mundial-contra-el-cancer-de-mama-4\/\" title=\"\">Continue reading <span class=\"meta-nav\">&#x2192;<\/span><\/a><\/div><\/article><article class=\"post\"><div class=\"post-meta\"><span class=\"author\"><a href=\"https:\/\/espaivincles.com\/ca\/author\/bearubiovicentegmail-com\/\" title=\"Espai Vincles\" target=\"_blank\"><img alt='' src='https:\/\/secure.gravatar.com\/avatar\/8afd62508b4a0ef518a6893b627c76e878d884e225c53e7d1beb153a2b9e815a?s=40&#038;d=mm&#038;r=g' srcset='https:\/\/secure.gravatar.com\/avatar\/8afd62508b4a0ef518a6893b627c76e878d884e225c53e7d1beb153a2b9e815a?s=80&#038;d=mm&#038;r=g 2x' class='avatar avatar-40 photo' height='40' width='40' \/>Espai Vincles<\/a><\/span>, <span class=\"categories\">Posted in <a href=\"https:\/\/espaivincles.com\/ca\/category\/blog-ca\/\" title=\"Blog\">Blog<\/a><\/span>, <span class=\"date\">At <a href=\"https:\/\/espaivincles.com\/ca\/2014\/09\/\">octubre 13, 2014<\/a><\/span><\/div><h2 class=\"post-title\"><a href=\"https:\/\/espaivincles.com\/ca\/2014\/10\/13\/7-consejos-para-el-colecho-seguro\/\" rel=\"bookmark\" title=\"Permanent Link to 7 CONSEJOS PARA EL COLECHO SEGURO\">7 CONSEJOS PARA EL COLECHO SEGURO<\/a><\/h2><div class=\"post-thumbnail\"><a href=\"https:\/\/espaivincles.com\/ca\/2014\/10\/13\/7-consejos-para-el-colecho-seguro\/\" title=\"\"><img loading=\"lazy\" decoding=\"async\" width=\"1728\" height=\"800\" src=\"https:\/\/espaivincles.com\/wp-content\/uploads\/2014\/09\/Co-sleeping-Family-665x385-1728x800_c.jpg\" class=\"attachment-full size-full wp-post-image\" alt=\"\" srcset=\"https:\/\/espaivincles.com\/wp-content\/uploads\/2014\/09\/Co-sleeping-Family-665x385-1728x800_c.jpg 1728w, https:\/\/espaivincles.com\/wp-content\/uploads\/2014\/09\/Co-sleeping-Family-665x385-1728x800_c-300x138.jpg 300w, https:\/\/espaivincles.com\/wp-content\/uploads\/2014\/09\/Co-sleeping-Family-665x385-1728x800_c-1024x474.jpg 1024w\" sizes=\"auto, (max-width: 1728px) 100vw, 1728px\" \/><\/a><\/div><div class=\"post-content\">En la edici\u00f3n de septiembre de la revista Breastfeeding Today, editada por la Liga de la Leche Internacional, hemos encontrado un art\u00edculo sobre c\u00f3mo practicar el colecho de manera segura. Estas son sus 7 recomendaciones (os las traducimos m\u00e1s abajo): 1. No ser fumador\/a. 2. No haber bebido, estar sobrio\/a, <a class=\"more-btn\" href=\"https:\/\/espaivincles.com\/ca\/2014\/10\/13\/7-consejos-para-el-colecho-seguro\/\" title=\"\">Continue reading <span class=\"meta-nav\">&#x2192;<\/span><\/a><\/div><\/article><article class=\"post\"><div class=\"post-meta\"><span class=\"author\"><a href=\"https:\/\/espaivincles.com\/ca\/author\/bearubiovicentegmail-com\/\" title=\"Espai Vincles\" target=\"_blank\"><img alt='' src='https:\/\/secure.gravatar.com\/avatar\/8afd62508b4a0ef518a6893b627c76e878d884e225c53e7d1beb153a2b9e815a?s=40&#038;d=mm&#038;r=g' srcset='https:\/\/secure.gravatar.com\/avatar\/8afd62508b4a0ef518a6893b627c76e878d884e225c53e7d1beb153a2b9e815a?s=80&#038;d=mm&#038;r=g 2x' class='avatar avatar-40 photo' height='40' width='40' \/>Espai Vincles<\/a><\/span>, <span class=\"categories\">Posted in <a href=\"https:\/\/espaivincles.com\/ca\/category\/blog-ca\/\" title=\"Blog\">Blog<\/a><\/span>, <span class=\"date\">At <a href=\"https:\/\/espaivincles.com\/ca\/2014\/09\/\">setembre 1, 2014<\/a><\/span><\/div><h2 class=\"post-title\"><a href=\"https:\/\/espaivincles.com\/ca\/2014\/09\/01\/el-sindrome-post-vacacional-y-sus-posibilidades-2\/\" rel=\"bookmark\" title=\"Permanent Link to EL S\u00cdNDROME POST VACACIONAL Y SUS POSIBILIDADES\">EL S\u00cdNDROME POST VACACIONAL Y SUS POSIBILIDADES<\/a><\/h2><div class=\"post-thumbnail\"><a href=\"https:\/\/espaivincles.com\/ca\/2014\/09\/01\/el-sindrome-post-vacacional-y-sus-posibilidades-2\/\" title=\"\"><img loading=\"lazy\" decoding=\"async\" width=\"320\" height=\"235\" src=\"https:\/\/espaivincles.com\/wp-content\/uploads\/2014\/09\/imagen-postvacacional.png\" class=\"attachment-full size-full wp-post-image\" alt=\"\" srcset=\"https:\/\/espaivincles.com\/wp-content\/uploads\/2014\/09\/imagen-postvacacional.png 320w, https:\/\/espaivincles.com\/wp-content\/uploads\/2014\/09\/imagen-postvacacional-300x220.png 300w\" sizes=\"auto, (max-width: 320px) 100vw, 320px\" \/><\/a><\/div><div class=\"post-content\">El s\u00edndrome post vacacional, o tambi\u00e9n conocido como estr\u00e9s post vacacional, se define como la sensaci\u00f3n de fracaso ante el proceso de adaptaci\u00f3n, tras el per\u00edodo de vacaciones y de ocio. Ya sea a la vuelta a la vida cotidiana, laboral, familiar o escolar. A la mayor\u00eda de nosotros nos <a class=\"more-btn\" href=\"https:\/\/espaivincles.com\/ca\/2014\/09\/01\/el-sindrome-post-vacacional-y-sus-posibilidades-2\/\" title=\"\">Continue reading <span class=\"meta-nav\">&#x2192;<\/span><\/a><\/div><\/article><article class=\"post\"><div class=\"post-meta\"><span class=\"author\"><a href=\"https:\/\/espaivincles.com\/ca\/author\/bearubiovicentegmail-com\/\" title=\"Espai Vincles\" target=\"_blank\"><img alt='' src='https:\/\/secure.gravatar.com\/avatar\/8afd62508b4a0ef518a6893b627c76e878d884e225c53e7d1beb153a2b9e815a?s=40&#038;d=mm&#038;r=g' srcset='https:\/\/secure.gravatar.com\/avatar\/8afd62508b4a0ef518a6893b627c76e878d884e225c53e7d1beb153a2b9e815a?s=80&#038;d=mm&#038;r=g 2x' class='avatar avatar-40 photo' height='40' width='40' \/>Espai Vincles<\/a><\/span>, <span class=\"categories\">Posted in <a href=\"https:\/\/espaivincles.com\/ca\/category\/blog-ca\/\" title=\"Blog\">Blog<\/a><\/span>, <span class=\"date\">At <a href=\"https:\/\/espaivincles.com\/ca\/2014\/09\/\">juny 16, 2014<\/a><\/span><\/div><h2 class=\"post-title\"><a href=\"https:\/\/espaivincles.com\/ca\/2014\/06\/16\/203-2\/\" rel=\"bookmark\" title=\"Permanent Link to SOBRE LAS ACTIVIDADES DE VERANO EN ESPAI VINCLES\">SOBRE LAS ACTIVIDADES DE VERANO EN ESPAI VINCLES<\/a><\/h2><div class=\"post-thumbnail\"><a href=\"https:\/\/espaivincles.com\/ca\/2014\/06\/16\/203-2\/\" title=\"\"><img loading=\"lazy\" decoding=\"async\" width=\"1796\" height=\"1280\" src=\"https:\/\/espaivincles.com\/wp-content\/uploads\/2014\/06\/veranito.png\" class=\"attachment-full size-full wp-post-image\" alt=\"\" srcset=\"https:\/\/espaivincles.com\/wp-content\/uploads\/2014\/06\/veranito.png 1796w, https:\/\/espaivincles.com\/wp-content\/uploads\/2014\/06\/veranito-300x213.png 300w, https:\/\/espaivincles.com\/wp-content\/uploads\/2014\/06\/veranito-1024x729.png 1024w\" sizes=\"auto, (max-width: 1796px) 100vw, 1796px\" \/><\/a><\/div><div class=\"post-content\">SER PADRES DESDE EL EMBARAZO Cada d\u00eda sabemos un poquito m\u00e1s acerca de la vida del beb\u00e9 intrauterino, de su desarrollo. Y poco a poco vemos que todo indica que nuestros hijos, desde un momento muy temprano, perciben y se ven afectados por todo lo que acontece a su alrededor. <a class=\"more-btn\" href=\"https:\/\/espaivincles.com\/ca\/2014\/06\/16\/203-2\/\" title=\"\">Continue reading <span class=\"meta-nav\">&#x2192;<\/span><\/a><\/div><\/article><\/div>[\/vc_column][vc_column width=&#8221;1\/3&#8243;][vc_widget_sidebar sidebar_id=&#8221;sidebar&#8221;][\/vc_column][\/vc_row]","protected":false},"excerpt":{"rendered":"[vc_row][vc_column width=\"2\/3\"]Espai Vincles, Posted in Blog, At abril 25, 2016CUANDO EL SEXO DUELE: DISPAREUNIA, VAGINISMO Y VULVODINIAEste post tiene como objetivo informar. Informar sobre una <p class=\"readmore\"><a class=\"more-btn\" href=\"https:\/\/espaivincles.com\/ca\/blog\/\">Continue reading <span class=\"meta-nav\">&#x2192;<\/span><\/a><\/p>","protected":false},"author":1,"featured_media":0,"parent":0,"menu_order":0,"comment_status":"closed","ping_status":"closed","template":"","meta":{"footnotes":""},"class_list":["post-698","page","type-page","status-publish","hentry"],"_links":{"self":[{"href":"https:\/\/espaivincles.com\/ca\/wp-json\/wp\/v2\/pages\/698","targetHints":{"allow":["GET"]}}],"collection":[{"href":"https:\/\/espaivincles.com\/ca\/wp-json\/wp\/v2\/pages"}],"about":[{"href":"https:\/\/espaivincles.com\/ca\/wp-json\/wp\/v2\/types\/page"}],"author":[{"embeddable":true,"href":"https:\/\/espaivincles.com\/ca\/wp-json\/wp\/v2\/users\/1"}],"replies":[{"embeddable":true,"href":"https:\/\/espaivincles.com\/ca\/wp-json\/wp\/v2\/comments?post=698"}],"version-history":[{"count":2,"href":"https:\/\/espaivincles.com\/ca\/wp-json\/wp\/v2\/pages\/698\/revisions"}],"predecessor-version":[{"id":1786,"href":"https:\/\/espaivincles.com\/ca\/wp-json\/wp\/v2\/pages\/698\/revisions\/1786"}],"wp:attachment":[{"href":"https:\/\/espaivincles.com\/ca\/wp-json\/wp\/v2\/media?parent=698"}],"curies":[{"name":"wp","href":"https:\/\/api.w.org\/{rel}","templated":true}]}}